{"id":753,"date":"2019-11-07T03:23:04","date_gmt":"2019-11-07T03:23:04","guid":{"rendered":"http:\/\/wpdemo.archiwp.com\/onum\/?page_id=753"},"modified":"2024-11-01T09:55:38","modified_gmt":"2024-11-01T09:55:38","slug":"hakkimda","status":"publish","type":"page","link":"https:\/\/kozmikenerjiteknikleri.com\/de\/hakkimda\/","title":{"rendered":"\u00dcber mich"},"content":{"rendered":"<div data-elementor-type=\"wp-page\" data-elementor-id=\"753\" class=\"elementor elementor-753\" data-elementor-post-type=\"page\">\n\t\t\t\t\t\t<section class=\"elementor-section elementor-top-section elementor-element elementor-element-588df14 elementor-section-content-middle elementor-section-boxed elementor-section-height-default elementor-section-height-default\" data-id=\"588df14\" data-element_type=\"section\" data-settings=\"{&quot;background_background&quot;:&quot;classic&quot;}\">\n\t\t\t\t\t\t<div class=\"elementor-container elementor-column-gap-no\">\n\t\t\t\t\t<div class=\"elementor-column elementor-col-50 elementor-top-column elementor-element elementor-element-de195c6 ot-flex-column-vertical\" data-id=\"de195c6\" data-element_type=\"column\">\n\t\t\t<div class=\"elementor-widget-wrap elementor-element-populated\">\n\t\t\t\t\t\t<div class=\"elementor-element elementor-element-7e57f00 elementor-widget-tablet__width-initial elementor-widget elementor-widget-image\" data-id=\"7e57f00\" data-element_type=\"widget\" data-widget_type=\"image.default\">\n\t\t\t\t<div class=\"elementor-widget-container\">\n\t\t\t<style>\/*! elementor - v3.22.0 - 24-06-2024 *\/\n.elementor-widget-image{text-align:center}.elementor-widget-image a{display:inline-block}.elementor-widget-image a img[src$=\".svg\"]{width:48px}.elementor-widget-image img{vertical-align:middle;display:inline-block}<\/style>\t\t\t\t\t\t\t\t\t\t<img fetchpriority=\"high\" decoding=\"async\" width=\"1024\" height=\"1024\" src=\"https:\/\/kozmikenerjiteknikleri.com\/wp-content\/uploads\/2023\/08\/hakkimda-resim-01.jpg\" class=\"attachment-full size-full wp-image-5249\" alt=\"Kozmik Enerji Teknikleri Hakk\u0131nda\" srcset=\"https:\/\/kozmikenerjiteknikleri.com\/wp-content\/uploads\/2023\/08\/hakkimda-resim-01.jpg 1024w, https:\/\/kozmikenerjiteknikleri.com\/wp-content\/uploads\/2023\/08\/hakkimda-resim-01-300x300.jpg 300w, https:\/\/kozmikenerjiteknikleri.com\/wp-content\/uploads\/2023\/08\/hakkimda-resim-01-150x150.jpg 150w, https:\/\/kozmikenerjiteknikleri.com\/wp-content\/uploads\/2023\/08\/hakkimda-resim-01-768x768.jpg 768w, https:\/\/kozmikenerjiteknikleri.com\/wp-content\/uploads\/2023\/08\/hakkimda-resim-01-12x12.jpg 12w, https:\/\/kozmikenerjiteknikleri.com\/wp-content\/uploads\/2023\/08\/hakkimda-resim-01-760x760.jpg 760w, https:\/\/kozmikenerjiteknikleri.com\/wp-content\/uploads\/2023\/08\/hakkimda-resim-01-24x24.jpg 24w, https:\/\/kozmikenerjiteknikleri.com\/wp-content\/uploads\/2023\/08\/hakkimda-resim-01-36x36.jpg 36w\" sizes=\"(max-width: 1024px) 100vw, 1024px\" \/>\t\t\t\t\t\t\t\t\t\t\t\t\t<\/div>\n\t\t\t\t<\/div>\n\t\t\t\t\t<\/div>\n\t\t<\/div>\n\t\t\t\t<div class=\"elementor-column elementor-col-50 elementor-top-column elementor-element elementor-element-233b0d2 ot-flex-column-vertical\" data-id=\"233b0d2\" data-element_type=\"column\">\n\t\t\t<div class=\"elementor-widget-wrap elementor-element-populated\">\n\t\t\t\t\t\t<div class=\"elementor-element elementor-element-fe5bc85 elementor-widget elementor-widget-iheading\" data-id=\"fe5bc85\" data-element_type=\"widget\" data-widget_type=\"iheading.default\">\n\t\t\t\t<div class=\"elementor-widget-container\">\n\t\t\t\t\t<div class=\"ot-heading left-align\">\r\n\t\t\t\r\n\t\t\t\t\r\n\r\n\t        \t            <h6 class=\"sub-heading\"><span>\u00dcber mich<\/span><\/h6>\r\n\t         \r\n\r\n\t        \t        \t<h2 class=\"main-heading translation-block\">Meine Bekanntschaft mit <br>kosmischer Heilung<\/h2>\r\n\t        \t    <\/div>\r\n\t    \t\t<\/div>\n\t\t\t\t<\/div>\n\t\t\t\t<div class=\"elementor-element elementor-element-e6e8b3f elementor-widget elementor-widget-text-editor\" data-id=\"e6e8b3f\" data-element_type=\"widget\" data-widget_type=\"text-editor.default\">\n\t\t\t\t<div class=\"elementor-widget-container\">\n\t\t\t<style>\/*! elementor - v3.22.0 - 24-06-2024 *\/\n.elementor-widget-text-editor.elementor-drop-cap-view-stacked .elementor-drop-cap{background-color:#69727d;color:#fff}.elementor-widget-text-editor.elementor-drop-cap-view-framed .elementor-drop-cap{color:#69727d;border:3px solid;background-color:transparent}.elementor-widget-text-editor:not(.elementor-drop-cap-view-default) .elementor-drop-cap{margin-top:8px}.elementor-widget-text-editor:not(.elementor-drop-cap-view-default) .elementor-drop-cap-letter{width:1em;height:1em}.elementor-widget-text-editor .elementor-drop-cap{float:left;text-align:center;line-height:1;font-size:50px}.elementor-widget-text-editor .elementor-drop-cap-letter{display:inline-block}<\/style>\t\t\t\t<p class=\"font22\">In diesem Blogbeitrag m\u00f6chte ich meine pers\u00f6nliche Erfahrung mit kosmischer Heilung teilen.\u00a0<\/p><p>Es war eine Zeit, in der ich schwierige Zeiten durchlebte und nach dem Tod meiner Mutter f\u00fchlte ich mich leer und meine Lebensenergie lie\u00df allm\u00e4hlich nach. Ich wurde zu einem neutralen Menschen, der nicht mehr auf seine Umgebung reagierte, und meine \u00c4ngste und Sorgen nahmen zu. In dieser dunklen Phase meines Lebens stie\u00df ich auf die kosmische Heilung und beschloss, es auszuprobieren. Dieser Entscheidung verdanke ich eine erstaunliche Ver\u00e4nderung in meinem Leben.<\/p>\t\t\t\t\t\t<\/div>\n\t\t\t\t<\/div>\n\t\t\t\t\t<\/div>\n\t\t<\/div>\n\t\t\t\t\t<\/div>\n\t\t<\/section>\n\t\t\t\t<section class=\"elementor-section elementor-top-section elementor-element elementor-element-04ed802 elementor-section-boxed elementor-section-height-default elementor-section-height-default\" data-id=\"04ed802\" data-element_type=\"section\" data-settings=\"{&quot;background_background&quot;:&quot;classic&quot;}\">\n\t\t\t\t\t\t<div class=\"elementor-container elementor-column-gap-extended\">\n\t\t\t\t\t<div class=\"elementor-column elementor-col-100 elementor-top-column elementor-element elementor-element-eeba7e5 ot-flex-column-vertical\" data-id=\"eeba7e5\" data-element_type=\"column\">\n\t\t\t<div class=\"elementor-widget-wrap elementor-element-populated\">\n\t\t\t\t\t\t<section class=\"elementor-section elementor-inner-section elementor-element elementor-element-be054cf elementor-section-content-middle elementor-section-full_width elementor-section-height-default elementor-section-height-default\" data-id=\"be054cf\" data-element_type=\"section\">\n\t\t\t\t\t\t<div class=\"elementor-container elementor-column-gap-extended\">\n\t\t\t\t\t<div class=\"elementor-column elementor-col-50 elementor-inner-column elementor-element elementor-element-7bdcf7b ot-flex-column-vertical\" data-id=\"7bdcf7b\" data-element_type=\"column\">\n\t\t\t<div class=\"elementor-widget-wrap elementor-element-populated\">\n\t\t\t\t\t\t<div class=\"elementor-element elementor-element-5bea05c elementor-widget elementor-widget-iheading\" data-id=\"5bea05c\" data-element_type=\"widget\" data-widget_type=\"iheading.default\">\n\t\t\t\t<div class=\"elementor-widget-container\">\n\t\t\t\t\t<div class=\"ot-heading -align\">\r\n\t\t\t\r\n\t\t\t\t\r\n\r\n\t         \r\n\r\n\t        \t        \t<h2 class=\"main-heading\">Meine erste Begegnung mit kosmischer Heilung<\/h2>\r\n\t        \t    <\/div>\r\n\t    \t\t<\/div>\n\t\t\t\t<\/div>\n\t\t\t\t<div class=\"elementor-element elementor-element-f505a3a elementor-widget elementor-widget-text-editor\" data-id=\"f505a3a\" data-element_type=\"widget\" data-widget_type=\"text-editor.default\">\n\t\t\t\t<div class=\"elementor-widget-container\">\n\t\t\t\t\t\t\t<p>Es war ein Freund von mir, der mir von kosmischer Heilung erz\u00e4hlte und mir riet, es auszuprobieren. Anfangs war ich skeptisch, aber ich hatte nichts zu verlieren und beschloss, es auszuprobieren. Mein Freund hatte bereits vier Sitzungen hinter sich und begann, positive Ver\u00e4nderungen an sich selbst zu bemerken.<\/p>\t\t\t\t\t\t<\/div>\n\t\t\t\t<\/div>\n\t\t\t\t<div class=\"elementor-element elementor-element-6f3fda2 elementor-widget elementor-widget-iheading\" data-id=\"6f3fda2\" data-element_type=\"widget\" data-widget_type=\"iheading.default\">\n\t\t\t\t<div class=\"elementor-widget-container\">\n\t\t\t\t\t<div class=\"ot-heading -align\">\r\n\t\t\t\r\n\t\t\t\t\r\n\r\n\t         \r\n\r\n\t        \t        \t<h2 class=\"main-heading\">Meine Erfahrung mit kosmischer Heilung<\/h2>\r\n\t        \t    <\/div>\r\n\t    \t\t<\/div>\n\t\t\t\t<\/div>\n\t\t\t\t<div class=\"elementor-element elementor-element-38efba6 elementor-widget elementor-widget-text-editor\" data-id=\"38efba6\" data-element_type=\"widget\" data-widget_type=\"text-editor.default\">\n\t\t\t\t<div class=\"elementor-widget-container\">\n\t\t\t\t\t\t\t<p>Nachdem ich beschlossen hatte, kosmische Heilung auszuprobieren, begann ich eine Reihe von zw\u00f6lf Sitzungen. Die Sitzungen werden von einem erfahrenen Energietherapeuten geleitet, der kosmische Energie kanalisiert und in meinen K\u00f6rper \u00fcbertr\u00e4gt. Ich liege bequem auf einem Sofa und lasse die Energie durch meinen K\u00f6rper flie\u00dfen.<\/p>\t\t\t\t\t\t<\/div>\n\t\t\t\t<\/div>\n\t\t\t\t\t<\/div>\n\t\t<\/div>\n\t\t\t\t<div class=\"elementor-column elementor-col-50 elementor-inner-column elementor-element elementor-element-125f3db ot-flex-column-vertical\" data-id=\"125f3db\" data-element_type=\"column\">\n\t\t\t<div class=\"elementor-widget-wrap elementor-element-populated\">\n\t\t\t\t\t\t<div class=\"elementor-element elementor-element-2b805dc elementor-widget__width-initial elementor-widget elementor-widget-image\" data-id=\"2b805dc\" data-element_type=\"widget\" data-widget_type=\"image.default\">\n\t\t\t\t<div class=\"elementor-widget-container\">\n\t\t\t\t\t\t\t\t\t\t\t\t\t<img decoding=\"async\" width=\"310\" height=\"311\" src=\"https:\/\/kozmikenerjiteknikleri.com\/wp-content\/uploads\/2020\/09\/logo.png\" class=\"attachment-large size-large wp-image-5006\" alt=\"Kozmik Enerji Teknikleri\" srcset=\"https:\/\/kozmikenerjiteknikleri.com\/wp-content\/uploads\/2020\/09\/logo.png 310w, https:\/\/kozmikenerjiteknikleri.com\/wp-content\/uploads\/2020\/09\/logo-300x300.png 300w, https:\/\/kozmikenerjiteknikleri.com\/wp-content\/uploads\/2020\/09\/logo-150x150.png 150w\" sizes=\"(max-width: 310px) 100vw, 310px\" \/>\t\t\t\t\t\t\t\t\t\t\t\t\t<\/div>\n\t\t\t\t<\/div>\n\t\t\t\t\t<\/div>\n\t\t<\/div>\n\t\t\t\t\t<\/div>\n\t\t<\/section>\n\t\t\t\t\t<\/div>\n\t\t<\/div>\n\t\t\t\t\t<\/div>\n\t\t<\/section>\n\t\t\t\t<section class=\"elementor-section elementor-top-section elementor-element elementor-element-5cbf230 elementor-section-boxed elementor-section-height-default elementor-section-height-default\" data-id=\"5cbf230\" data-element_type=\"section\">\n\t\t\t\t\t\t<div class=\"elementor-container elementor-column-gap-default\">\n\t\t\t\t\t<div class=\"elementor-column elementor-col-100 elementor-top-column elementor-element elementor-element-98f2bbb ot-flex-column-vertical\" data-id=\"98f2bbb\" data-element_type=\"column\">\n\t\t\t<div class=\"elementor-widget-wrap elementor-element-populated\">\n\t\t\t\t\t\t<section class=\"elementor-section elementor-inner-section elementor-element elementor-element-627cbf5 elementor-section-full_width elementor-section-height-default elementor-section-height-default\" data-id=\"627cbf5\" data-element_type=\"section\">\n\t\t\t\t\t\t<div class=\"elementor-container elementor-column-gap-extended\">\n\t\t\t\t\t<div class=\"elementor-column elementor-col-50 elementor-inner-column elementor-element elementor-element-b2effd5 ot-flex-column-vertical\" data-id=\"b2effd5\" data-element_type=\"column\">\n\t\t\t<div class=\"elementor-widget-wrap elementor-element-populated\">\n\t\t\t\t\t\t<div class=\"elementor-element elementor-element-0f5d00f elementor-widget elementor-widget-iiconbox\" data-id=\"0f5d00f\" data-element_type=\"widget\" data-widget_type=\"iiconbox.default\">\n\t\t\t\t<div class=\"elementor-widget-container\">\n\t\t\t\t\t<div class=\"icon-box s1\">\r\n\t\t\t<div class=\"bg-s3\"><\/div>\r\n\t\t\t<div class=\"bg-before\"><\/div>\r\n\t\t\t<div class=\"bg-after\"><\/div>\r\n\t\t\t<div class=\"icon-main\">\r\n\t\t        \t\t\t    \r\n\t\t\t    <img decoding=\"async\" src=\"https:\/\/kozmikenerjiteknikleri.com\/wp-content\/uploads\/2023\/08\/icon-08.png\" title=\"icon-08\" alt=\"icon-08\" loading=\"lazy\" \/>\t\t        \t        <\/div>\r\n\t        <div class=\"content-box\">\r\n\t            <h5 class=\"box-title\">Wirkungen kosmischer Heilung<\/h5>\r\n\t            <p>Schon nach den ersten Sitzungen sp\u00fcrte ich eine Ver\u00e4nderung in mir. Meine Energie nahm wieder zu und ich f\u00fchlte mich nicht mehr so \u200b\u200bleer wie zuvor. Meine \u00c4ngste und Sorgen begannen sich aufzul\u00f6sen und ich fand wieder Freude am Leben. Kosmische Heilung hat mir geholfen, mein normales Verhalten wiederzuerlangen und meine Lebensqualit\u00e4t zu verbessern.<\/p>\r\n\t        <\/div>\r\n\t        \t\r\n\t    <\/div>\r\n\t    \t\t<\/div>\n\t\t\t\t<\/div>\n\t\t\t\t<div class=\"elementor-element elementor-element-ab649a2 elementor-widget elementor-widget-iiconbox\" data-id=\"ab649a2\" data-element_type=\"widget\" data-widget_type=\"iiconbox.default\">\n\t\t\t\t<div class=\"elementor-widget-container\">\n\t\t\t\t\t<div class=\"icon-box s1\">\r\n\t\t\t<div class=\"bg-s3\"><\/div>\r\n\t\t\t<div class=\"bg-before\"><\/div>\r\n\t\t\t<div class=\"bg-after\"><\/div>\r\n\t\t\t<div class=\"icon-main\">\r\n\t\t        \t\t\t    \r\n\t\t\t    <img decoding=\"async\" src=\"https:\/\/kozmikenerjiteknikleri.com\/wp-content\/uploads\/2023\/08\/icon-07.png\" title=\"icon-07\" alt=\"icon-07\" loading=\"lazy\" \/>\t\t        \t        <\/div>\r\n\t        <div class=\"content-box\">\r\n\t            <h5 class=\"box-title\">Die Bedeutung der Selbstheilung<\/h5>\r\n\t            <p>Durch kosmische Heilung habe ich erkannt, dass unser K\u00f6rper \u00fcber eine unglaubliche Selbstheilungskraft verf\u00fcgt. Kosmische Energie aktiviert diese Selbstheilungskr\u00e4fte und unterst\u00fctzt die Selbstheilung des K\u00f6rpers.<\/p>\r\n\t        <\/div>\r\n\t        \t\r\n\t    <\/div>\r\n\t    \t\t<\/div>\n\t\t\t\t<\/div>\n\t\t\t\t<div class=\"elementor-element elementor-element-3708a52 elementor-widget elementor-widget-iiconbox\" data-id=\"3708a52\" data-element_type=\"widget\" data-widget_type=\"iiconbox.default\">\n\t\t\t\t<div class=\"elementor-widget-container\">\n\t\t\t\t\t<div class=\"icon-box s1\">\r\n\t\t\t<div class=\"bg-s3\"><\/div>\r\n\t\t\t<div class=\"bg-before\"><\/div>\r\n\t\t\t<div class=\"bg-after\"><\/div>\r\n\t\t\t<div class=\"icon-main\">\r\n\t\t        \t\t\t    \r\n\t\t\t    <img decoding=\"async\" src=\"https:\/\/kozmikenerjiteknikleri.com\/wp-content\/uploads\/2023\/08\/icon-01.png\" title=\"icon-01\" alt=\"icon-01\" loading=\"lazy\" \/>\t\t        \t        <\/div>\r\n\t        <div class=\"content-box\">\r\n\t            <h5 class=\"box-title\">Vorteile der kosmischen Heilung<\/h5>\r\n\t            <p>Kosmische Heilung hat viele Vorteile. Es lindert nicht nur k\u00f6rperliche Beschwerden, sondern l\u00f6st auch emotionale und spirituelle Blockaden. Kosmische Heilung f\u00f6rdert das allgemeine Wohlbefinden und bringt K\u00f6rper, Geist und Seele wieder ins Gleichgewicht.<\/p>\r\n\t        <\/div>\r\n\t        \t\r\n\t    <\/div>\r\n\t    \t\t<\/div>\n\t\t\t\t<\/div>\n\t\t\t\t\t<\/div>\n\t\t<\/div>\n\t\t\t\t<div class=\"elementor-column elementor-col-50 elementor-inner-column elementor-element elementor-element-18c9fd0 ot-flex-column-vertical\" data-id=\"18c9fd0\" data-element_type=\"column\">\n\t\t\t<div class=\"elementor-widget-wrap elementor-element-populated\">\n\t\t\t\t\t\t<div class=\"elementor-element elementor-element-6d27009 elementor-widget elementor-widget-iiconbox\" data-id=\"6d27009\" data-element_type=\"widget\" data-widget_type=\"iiconbox.default\">\n\t\t\t\t<div class=\"elementor-widget-container\">\n\t\t\t\t\t<div class=\"icon-box s1\">\r\n\t\t\t<div class=\"bg-s3\"><\/div>\r\n\t\t\t<div class=\"bg-before\"><\/div>\r\n\t\t\t<div class=\"bg-after\"><\/div>\r\n\t\t\t<div class=\"icon-main\">\r\n\t\t        \t\t\t    \r\n\t\t\t    <img decoding=\"async\" src=\"https:\/\/kozmikenerjiteknikleri.com\/wp-content\/uploads\/2023\/08\/icon-03.png\" title=\"icon-03\" alt=\"icon-03\" loading=\"lazy\" \/>\t\t        \t        <\/div>\r\n\t        <div class=\"content-box\">\r\n\t            <h5 class=\"box-title\">Die Rolle des Energietherapeuten<\/h5>\r\n\t            <p>Ein erfahrener Energietherapeut spielt eine wichtige Rolle bei der Erreichung kosmischer Heilung. Der Therapeut ist daf\u00fcr verantwortlich, die kosmische Energie zu kanalisieren und auf den K\u00f6rper des Patienten zu \u00fcbertragen. Dank seiner F\u00e4higkeiten und Erfahrungen kann er den Heilungsprozess unterst\u00fctzen und den Patienten auf dem Weg der Genesung begleiten.<\/p>\r\n\t        <\/div>\r\n\t        \t\r\n\t    <\/div>\r\n\t    \t\t<\/div>\n\t\t\t\t<\/div>\n\t\t\t\t<div class=\"elementor-element elementor-element-c5a4acf elementor-widget elementor-widget-iiconbox\" data-id=\"c5a4acf\" data-element_type=\"widget\" data-widget_type=\"iiconbox.default\">\n\t\t\t\t<div class=\"elementor-widget-container\">\n\t\t\t\t\t<div class=\"icon-box s1\">\r\n\t\t\t<div class=\"bg-s3\"><\/div>\r\n\t\t\t<div class=\"bg-before\"><\/div>\r\n\t\t\t<div class=\"bg-after\"><\/div>\r\n\t\t\t<div class=\"icon-main\">\r\n\t\t        \t\t\t    \r\n\t\t\t    <img decoding=\"async\" src=\"https:\/\/kozmikenerjiteknikleri.com\/wp-content\/uploads\/2023\/08\/icon-04.png\" title=\"icon-04\" alt=\"icon-04\" loading=\"lazy\" \/>\t\t        \t        <\/div>\r\n\t        <div class=\"content-box\">\r\n\t            <h5 class=\"box-title\">Kontinuit\u00e4t der Behandlung<\/h5>\r\n\t            <p>Wie bei jeder Therapie ist Kontinuit\u00e4t bei der kosmischen Heilung wichtig. Eine einzelne Sitzung kann positive Effekte haben, eine regelm\u00e4\u00dfige Behandlung \u00fcber einen l\u00e4ngeren Zeitraum kann jedoch nachhaltige Ver\u00e4nderungen bringen. Es wird empfohlen, die Behandlung fortzusetzen, um die volle Wirkung der kosmischen Heilung zu erleben.<\/p>\r\n\t        <\/div>\r\n\t        \t\r\n\t    <\/div>\r\n\t    \t\t<\/div>\n\t\t\t\t<\/div>\n\t\t\t\t<div class=\"elementor-element elementor-element-efa5ea6 elementor-widget elementor-widget-iiconbox\" data-id=\"efa5ea6\" data-element_type=\"widget\" data-widget_type=\"iiconbox.default\">\n\t\t\t\t<div class=\"elementor-widget-container\">\n\t\t\t\t\t<div class=\"icon-box s1\">\r\n\t\t\t<div class=\"bg-s3\"><\/div>\r\n\t\t\t<div class=\"bg-before\"><\/div>\r\n\t\t\t<div class=\"bg-after\"><\/div>\r\n\t\t\t<div class=\"icon-main\">\r\n\t\t        \t\t\t    \r\n\t\t\t    <img decoding=\"async\" src=\"https:\/\/kozmikenerjiteknikleri.com\/wp-content\/uploads\/2023\/08\/icon-02.png\" title=\"icon-02\" alt=\"icon-02\" loading=\"lazy\" \/>\t\t        \t        <\/div>\r\n\t        <div class=\"content-box\">\r\n\t            <h5 class=\"box-title\">Meine Schlussfolgerung<\/h5>\r\n\t            <p>Kosmische Heilung hat mein Leben positiv ver\u00e4ndert. Dank dieser alternativen Heilmethode konnte ich meine Lebensenergie zur\u00fcckgewinnen und mich von meinen \u00c4ngsten und \u00c4ngsten befreien. Ich bin dankbar f\u00fcr diese Erfahrung und gl\u00fccklich, dass ich mich entschieden habe, kosmische Heilung auszuprobieren. Wenn Sie nach einer ganzheitlichen Methode zur Verbesserung Ihrer Gesundheit suchen, empfehle ich Ihnen, \u00fcber kosmische Heilung nachzudenken.<\/p>\r\n\t        <\/div>\r\n\t        \t\r\n\t    <\/div>\r\n\t    \t\t<\/div>\n\t\t\t\t<\/div>\n\t\t\t\t\t<\/div>\n\t\t<\/div>\n\t\t\t\t\t<\/div>\n\t\t<\/section>\n\t\t\t\t\t<\/div>\n\t\t<\/div>\n\t\t\t\t\t<\/div>\n\t\t<\/section>\n\t\t\t\t<\/div>","protected":false},"excerpt":{"rendered":"<p>Hakk\u0131mda Kozmik \u015fifa ile tan\u0131\u015f\u0131kl\u0131\u011f\u0131m Bu blog yaz\u0131s\u0131nda kozmik \u015fifa ile ilgili ki\u015fisel deneyimimi payla\u015fmak istiyorum.\u00a0 Zor zamanlardan ge\u00e7ti\u011fim bir d\u00f6nemdi ve annemin \u00f6l\u00fcm\u00fcnden sonra kendimi bo\u015flukta hissettim ve ya\u015fam enerjim giderek azald\u0131. Art\u0131k \u00e7evreme tepki vermeyen n\u00f6tr bir insan olmu\u015ftum ve korkular\u0131m ve endi\u015felerim artm\u0131\u015ft\u0131. Hayat\u0131m\u0131n bu karanl\u0131k d\u00f6neminde kozmik \u015fifa ile kar\u015f\u0131la\u015ft\u0131m ve [&hellip;]<\/p>","protected":false},"author":1,"featured_media":0,"parent":0,"menu_order":0,"comment_status":"closed","ping_status":"closed","template":"","meta":{"footnotes":""},"class_list":["post-753","page","type-page","status-publish","hentry"],"_links":{"self":[{"href":"https:\/\/kozmikenerjiteknikleri.com\/de\/wp-json\/wp\/v2\/pages\/753","targetHints":{"allow":["GET"]}}],"collection":[{"href":"https:\/\/kozmikenerjiteknikleri.com\/de\/wp-json\/wp\/v2\/pages"}],"about":[{"href":"https:\/\/kozmikenerjiteknikleri.com\/de\/wp-json\/wp\/v2\/types\/page"}],"author":[{"embeddable":true,"href":"https:\/\/kozmikenerjiteknikleri.com\/de\/wp-json\/wp\/v2\/users\/1"}],"replies":[{"embeddable":true,"href":"https:\/\/kozmikenerjiteknikleri.com\/de\/wp-json\/wp\/v2\/comments?post=753"}],"version-history":[{"count":38,"href":"https:\/\/kozmikenerjiteknikleri.com\/de\/wp-json\/wp\/v2\/pages\/753\/revisions"}],"predecessor-version":[{"id":5863,"href":"https:\/\/kozmikenerjiteknikleri.com\/de\/wp-json\/wp\/v2\/pages\/753\/revisions\/5863"}],"wp:attachment":[{"href":"https:\/\/kozmikenerjiteknikleri.com\/de\/wp-json\/wp\/v2\/media?parent=753"}],"curies":[{"name":"wp","href":"https:\/\/api.w.org\/{rel}","templated":true}]}}